{"id":13735,"date":"2024-10-16T22:18:41","date_gmt":"2024-10-16T22:18:41","guid":{"rendered":"https:\/\/ingeniate.com.mx\/?page_id=13735"},"modified":"2024-12-05T00:18:44","modified_gmt":"2024-12-05T00:18:44","slug":"contacto","status":"publish","type":"page","link":"https:\/\/ingeniate.com.mx\/en\/contacto\/","title":{"rendered":"Contacto"},"content":{"rendered":"<section class=\"wpb-content-wrapper\"><section data-vc-full-width=\"true\" data-vc-full-width-init=\"false\" class=\"vc_section vc_row_visible overflow-hidden-clip vc_custom_1733357920432 vc_section-has-fill vc_row-o-full-height vc_section-o-content-middle vc_section-flex\" data-section-name=\"\"><div class=\"vc_row wpb_row vc_row-fluid vc_row_visible\"><div class=\"wpb_column vc_column_container vc_col-sm-6 text-left\"><div class=\"vc_column-inner\"><div class=\"wpb_wrapper\"><div class=\"pix-content-box card      vc_custom_1728685569253    rounded-custom animate-in bg- text-left   d-inline-flex\"  data-anim-type=\"fade-in-left\" data-anim-delay=\"0\"><div class=\"d-inline-flex\" style=\"z-index:30;position:relative;\"><span class=\"pix-badge-element custom d-inline-block mr-1\"  ><span class=\"badge font-weight-bold badge-pill bg-secondary  vc_custom_1728932247849\" style=\"font-size:14px; \"><span class=\"text-white\" style=\"\">Experts in industrial automation<\/span><\/span><\/span><span class=\"pix-badge-element custom d-inline-block mr-1\"  ><span class=\"badge font-weight-bold badge-pill bg-transparent  vc_custom_1728932105676\" style=\"font-size:14px; \"><span class=\"text-body-default\" style=\"\">to improve productivity.<\/span><\/span><\/span><\/div><\/div><div  class=\"pix-heading-el text-left  vc_custom_1729116810267\"><div><div class=\"slide-in-container\"><h1 class=\"text-heading-default font-weight-bold display-4 animate-in heading-text el-title_custom_color mb-12\" style=\"\" data-anim-type=\"fade-in-up\" data-anim-delay=\"0\">Let\u2019s work together<\/h1><\/div><\/div><\/div><div id=\"el1728673830044-14e068b2-53a6\" class=\"pix-el-text   w-100 text-left  vc_custom_1729120237083\" ><p class=\"text-left\"><div class=\"animate-in d-inline-block\" data-anim-delay=\"0\" data-anim-type=\"fade-in\"><p><span style=\"font-weight: 400;\">Contact us and discover the benefits of working hand in hand with Ingeniate!<\/span><\/p>\n<p><span style=\"font-weight: 400;\">Our team is ready to get in touch and offer you all the information you need about our services. <\/span><\/p>\n<\/div><\/div>\n<div class=\"wpcf7 no-js\" id=\"wpcf7-f1566-o1\" lang=\"en-US\" dir=\"ltr\" data-wpcf7-id=\"1566\">\n<div class=\"screen-reader-response\"><p role=\"status\" aria-live=\"polite\" aria-atomic=\"true\"><\/p> <ul><\/ul><\/div>\n<form action=\"\/wp-json\/wp\/v2\/pages\/13735\" method=\"post\" class=\"wpcf7-form init\" aria-label=\"Contact form\" novalidate=\"novalidate\" data-status=\"init\" data-trp-original-action=\"\/en\/wp-json\/wp\/v2\/pages\/13735#wpcf7-f1566-o1\">\n<div style=\"display: none;\">\n<input type=\"hidden\" name=\"_wpcf7\" value=\"1566\" \/>\n<input type=\"hidden\" name=\"_wpcf7_version\" value=\"6.0.1\" \/>\n<input type=\"hidden\" name=\"_wpcf7_locale\" value=\"en_US\" \/>\n<input type=\"hidden\" name=\"_wpcf7_unit_tag\" value=\"wpcf7-f1566-o1\" \/>\n<input type=\"hidden\" name=\"_wpcf7_container_post\" value=\"0\" \/>\n<input type=\"hidden\" name=\"_wpcf7_posted_data_hash\" value=\"\" \/>\n<\/div>\n<div class=\"pix-contact7-form\"><div class=\"row\">\n\t<div class=\"col-lg-12 mb-3\">\n\t\t<p>Name<br \/>\n<span class=\"wpcf7-form-control-wrap\" data-name=\"your-name\"><input size=\"40\" maxlength=\"400\" class=\"wpcf7-form-control wpcf7-text wpcf7-validates-as-required shadow-0 bg-white form-control\" aria-required=\"true\" aria-invalid=\"false\" placeholder=\"Juan P\u00e9rez\" value=\"\" type=\"text\" name=\"your-name\" \/><\/span>\n\t\t<\/p>\n\t<\/div>\n\t<div class=\"col-lg-6 mb-3\">\n\t\t<p>Emai*<br \/>\n<span class=\"wpcf7-form-control-wrap\" data-name=\"your-email\"><input size=\"40\" maxlength=\"400\" class=\"wpcf7-form-control wpcf7-email wpcf7-validates-as-required wpcf7-text wpcf7-validates-as-email shadow-0 bg-white form-control\" aria-required=\"true\" aria-invalid=\"false\" placeholder=\"correo@ejemplo.com\" value=\"\" type=\"email\" name=\"your-email\" \/><\/span>\n\t\t<\/p>\n\t<\/div>\n\t<div class=\"col-lg-6 mb-3\">\n\t\t<p>Phone<br \/>\n<span class=\"wpcf7-form-control-wrap\" data-name=\"your-phone\"><input size=\"40\" maxlength=\"400\" class=\"wpcf7-form-control wpcf7-tel wpcf7-text wpcf7-validates-as-tel shadow-0 bg-white form-control\" aria-invalid=\"false\" placeholder=\"555-1234\" value=\"\" type=\"tel\" name=\"your-phone\" \/><\/span>\n\t\t<\/p>\n\t<\/div>\n\t<div class=\"col-lg-12 mb-3\">\n\t\t<p>Message<br \/>\n<span class=\"wpcf7-form-control-wrap\" data-name=\"your-message\"><textarea cols=\"40\" rows=\"4\" maxlength=\"2000\" class=\"wpcf7-form-control wpcf7-textarea wpcf7-validates-as-required shadow-0 bg-white form-control\" aria-required=\"true\" aria-invalid=\"false\" placeholder=\"Escribe tu mensaje aqu\u00ed\" name=\"your-message\"><\/textarea><\/span>\n\t\t<\/p>\n\t<\/div>\n<\/div>\n<div class=\"row\">\n\t<div class=\"col-lg-12 text-center\">\n\t\t<p><input class=\"wpcf7-form-control wpcf7-submit has-spinner btn btn-primary text-white w-100 font-weight-bold shadow-lg shadow-hover btn-rounded secondary-font\" type=\"submit\" value=\"Send\" \/>\n\t\t<\/p>\n\t<\/div>\n<\/div><\/div><div class=\"wpcf7-response-output\" aria-hidden=\"true\"><\/div>\n<input type=\"hidden\" name=\"trp-form-language\" value=\"en\"\/><\/form>\n<\/div>\n<\/div><\/div><\/div><div class=\"wpb_column vc_column_container vc_col-sm-6 text-left\"><div class=\"vc_column-inner\"><div class=\"wpb_wrapper\">\n\t<div class=\"wpb_raw_code wpb_content_element wpb_raw_html\" >\n\t\t<div class=\"wpb_wrapper\">\n\t\t\t<iframe src=\"https:\/\/www.google.com\/maps\/embed?pb=!1m14!1m8!1m3!1d14809.291209817768!2d-102.36666800000002!3d21.883642!3m2!1i1024!2i768!4f13.1!3m3!1m2!1s0x8429e9419c267311%3A0x7681335f6ca10e11!2sIngeniate!5e0!3m2!1ses-419!2smx!4v1729117087410!5m2!1ses-419!2smx\" width=\"100%\" height=\"450\" style=\"border:0;\" allowfullscreen=\"\" loading=\"lazy\" referrerpolicy=\"no-referrer-when-downgrade\"><\/iframe>\n\t\t<\/div>\n\t<\/div>\n<div class=\"vc_row wpb_row vc_inner vc_row-fluid vc_custom_1729120370713\"><div class=\"wpb_column vc_column_container vc_col-sm-6 text-left\"><div class=\"vc_column-inner\"><div class=\"wpb_wrapper\"><a href=\"mailto:ventas@ingeniate.com.mx\" ><div id=\"1729120157283-400b59ea-13e3\" class=\"pix-feature-el  media\"><div class=\"rounded-circle mr-3 d-inline-block2 d-inline-flex align-items-center justify-content-center line-height-0 mw-100 bg-primary-light animate-in\" data-anim-type=\"fade-in-up\" data-anim-delay=\"\" style=\" width:57.6px;aspect-ratio:1\/1 !important;position:relative;text-align:center;\"><div class=\"text-primary\" style=\"display:inline-block;width:32px;height:32px;font-size:32px;\"><svg width=\"100%\" height=\"100%\" viewbox=\"0 0 24 24\" version=\"1.1\" xmlns=\"http:\/\/www.w3.org\/2000\/svg\" xmlns:xlink=\"http:\/\/www.w3.org\/1999\/xlink\"> <defs><\/defs> <g stroke=\"none\" stroke-width=\"1\" fill=\"none\" fill-rule=\"evenodd\"> <path d=\"M5,6 L19,6 C20.1045695,6 21,6.8954305 21,8 L21,17 C21,18.1045695 20.1045695,19 19,19 L5,19 C3.8954305,19 3,18.1045695 3,17 L3,8 C3,6.8954305 3.8954305,6 5,6 Z M18.1444251,7.83964668 L12,11.1481833 L5.85557487,7.83964668 C5.4908718,7.6432681 5.03602525,7.77972206 4.83964668,8.14442513 C4.6432681,8.5091282 4.77972206,8.96397475 5.14442513,9.16035332 L11.6444251,12.6603533 C11.8664074,12.7798822 12.1335926,12.7798822 12.3555749,12.6603533 L18.8555749,9.16035332 C19.2202779,8.96397475 19.3567319,8.5091282 19.1603533,8.14442513 C18.9639747,7.77972206 18.5091282,7.6432681 18.1444251,7.83964668 Z\" fill=\"#000000\"><\/path> <\/g> <\/svg><\/div><\/div><div class=\"media-body text-left\"><h6 class=\"font-weight-bold  secondary-font text-heading-default animate-in\" style=\"padding-top:10px;\" data-anim-type=\"fade-in-up\" data-anim-delay=\"100\">Email<\/h6><div class=\"text-body-default      animate-in\" style=\"\" data-anim-type=\"fade-in-up\" data-anim-delay=\"200\">ventas@ingeniate.com.mx<\/div><\/div><\/div><\/a><\/div><\/div><\/div><div class=\"wpb_column vc_column_container vc_col-sm-6 text-left\"><div class=\"vc_column-inner\"><div class=\"wpb_wrapper\"><a href=\"mailto:ventas01@ingeniate.com.mx\" ><div id=\"1729120313015-a5ea8d9c-226d\" class=\"pix-feature-el  media\"><div class=\"rounded-circle mr-3 d-inline-block2 d-inline-flex align-items-center justify-content-center line-height-0 mw-100 bg-primary-light animate-in\" data-anim-type=\"fade-in-up\" data-anim-delay=\"\" style=\" width:57.6px;aspect-ratio:1\/1 !important;position:relative;text-align:center;\"><div class=\"text-primary\" style=\"display:inline-block;width:32px;height:32px;font-size:32px;\"><svg width=\"100%\" height=\"100%\" viewbox=\"0 0 24 24\" version=\"1.1\" xmlns=\"http:\/\/www.w3.org\/2000\/svg\" xmlns:xlink=\"http:\/\/www.w3.org\/1999\/xlink\"> <defs><\/defs> <g stroke=\"none\" stroke-width=\"1\" fill=\"none\" fill-rule=\"evenodd\"> <path d=\"M5,6 L19,6 C20.1045695,6 21,6.8954305 21,8 L21,17 C21,18.1045695 20.1045695,19 19,19 L5,19 C3.8954305,19 3,18.1045695 3,17 L3,8 C3,6.8954305 3.8954305,6 5,6 Z M18.1444251,7.83964668 L12,11.1481833 L5.85557487,7.83964668 C5.4908718,7.6432681 5.03602525,7.77972206 4.83964668,8.14442513 C4.6432681,8.5091282 4.77972206,8.96397475 5.14442513,9.16035332 L11.6444251,12.6603533 C11.8664074,12.7798822 12.1335926,12.7798822 12.3555749,12.6603533 L18.8555749,9.16035332 C19.2202779,8.96397475 19.3567319,8.5091282 19.1603533,8.14442513 C18.9639747,7.77972206 18.5091282,7.6432681 18.1444251,7.83964668 Z\" fill=\"#000000\"><\/path> <\/g> <\/svg><\/div><\/div><div class=\"media-body text-left\"><h6 class=\"font-weight-bold  secondary-font text-heading-default animate-in\" style=\"padding-top:10px;\" data-anim-type=\"fade-in-up\" data-anim-delay=\"100\">Email<\/h6><div class=\"text-body-default      animate-in\" style=\"\" data-anim-type=\"fade-in-up\" data-anim-delay=\"200\">ventas01@ingeniate.com.mx<\/div><\/div><\/div><\/a><\/div><\/div><\/div><\/div><a href=\"tel:449158349\" ><div id=\"1729120354830-98e00e0c-e2a0\" class=\"pix-feature-el  media\"><div class=\"rounded-circle mr-3 d-inline-block2 d-inline-flex align-items-center justify-content-center line-height-0 mw-100 bg-primary-light animate-in\" data-anim-type=\"fade-in-up\" data-anim-delay=\"\" style=\" width:57.6px;aspect-ratio:1\/1 !important;position:relative;text-align:center;\"><div class=\"text-primary\" style=\"display:inline-block;width:32px;height:32px;font-size:32px;\"><svg width=\"100%\" height=\"100%\" viewbox=\"0 0 24 24\" version=\"1.1\" xmlns=\"http:\/\/www.w3.org\/2000\/svg\" xmlns:xlink=\"http:\/\/www.w3.org\/1999\/xlink\"> <defs><\/defs> <g stroke=\"none\" stroke-width=\"1\" fill=\"none\" fill-rule=\"evenodd\"> <path d=\"M13.0799676,14.7839934 L15.2839934,12.5799676 C15.8927139,11.9712471 16.0436229,11.0413042 15.6586342,10.2713269 L15.5337539,10.0215663 C15.1487653,9.25158901 15.2996742,8.3216461 15.9083948,7.71292558 L18.6411989,4.98012149 C18.836461,4.78485934 19.1530435,4.78485934 19.3483056,4.98012149 C19.3863063,5.01812215 19.4179321,5.06200062 19.4419658,5.11006808 L20.5459415,7.31801948 C21.3904962,9.0071287 21.0594452,11.0471565 19.7240871,12.3825146 L13.7252616,18.3813401 C12.2717221,19.8348796 10.1217008,20.3424308 8.17157288,19.6923882 L5.75709327,18.8875616 C5.49512161,18.8002377 5.35354162,18.5170777 5.4408655,18.2551061 C5.46541191,18.1814669 5.50676633,18.114554 5.56165376,18.0596666 L8.21292558,15.4083948 C8.8216461,14.7996742 9.75158901,14.6487653 10.5215663,15.0337539 L10.7713269,15.1586342 C11.5413042,15.5436229 12.4712471,15.3927139 13.0799676,14.7839934 Z\" fill=\"#000000\"><\/path> <path d=\"M14.1480759,6.00715131 L13.9566988,7.99797396 C12.4781389,7.8558405 11.0097207,8.36895892 9.93933983,9.43933983 C8.8724631,10.5062166 8.35911588,11.9685602 8.49664195,13.4426352 L6.50528978,13.6284215 C6.31304559,11.5678496 7.03283934,9.51741319 8.52512627,8.02512627 C10.0223249,6.52792766 12.0812426,5.80846733 14.1480759,6.00715131 Z M14.4980938,2.02230302 L14.313049,4.01372424 C11.6618299,3.76737046 9.03000738,4.69181803 7.1109127,6.6109127 C5.19447112,8.52735429 4.26985715,11.1545872 4.51274152,13.802405 L2.52110319,13.985098 C2.22450978,10.7517681 3.35562581,7.53777247 5.69669914,5.19669914 C8.04101739,2.85238089 11.2606138,1.72147333 14.4980938,2.02230302 Z\" fill=\"#000000\" fill-rule=\"nonzero\" opacity=\"0.3\"><\/path> <\/g> <\/svg>\n<\/div><\/div><div class=\"media-body text-left\"><h6 class=\"font-weight-bold  secondary-font text-heading-default animate-in\" style=\"padding-top:10px;\" data-anim-type=\"fade-in-up\" data-anim-delay=\"100\">Phone<\/h6><div class=\"text-body-default      animate-in\" style=\"\" data-anim-type=\"fade-in-up\" data-anim-delay=\"200\">+52 (449) 158 34 93 Ext. 106<\/div><\/div><\/div><\/a><\/div><\/div><\/div><\/div><\/section><div class=\"vc_row-full-width vc_clearfix\"><\/div>\n<\/section>","protected":false},"excerpt":{"rendered":"Expertos en automatizaci\u00f3n industrialpara mejorar la productividad.Trabajemos juntos\u00a1Cont\u00e1ctanos ahora y descubre los beneficios de trabajar de la mano de Ingeniate! Nuestro equipo est\u00e1 listo para ponerse en contacto y ofrecerte toda la informaci\u00f3n que necesitas sobre nuestros servicios. Nombre completo...","protected":false},"author":1,"featured_media":0,"parent":0,"menu_order":0,"comment_status":"closed","ping_status":"closed","template":"","meta":{"footnotes":""},"class_list":["post-13735","page","type-page","status-publish","hentry"],"_links":{"self":[{"href":"https:\/\/ingeniate.com.mx\/en\/wp-json\/wp\/v2\/pages\/13735","targetHints":{"allow":["GET"]}}],"collection":[{"href":"https:\/\/ingeniate.com.mx\/en\/wp-json\/wp\/v2\/pages"}],"about":[{"href":"https:\/\/ingeniate.com.mx\/en\/wp-json\/wp\/v2\/types\/page"}],"author":[{"embeddable":true,"href":"https:\/\/ingeniate.com.mx\/en\/wp-json\/wp\/v2\/users\/1"}],"replies":[{"embeddable":true,"href":"https:\/\/ingeniate.com.mx\/en\/wp-json\/wp\/v2\/comments?post=13735"}],"version-history":[{"count":17,"href":"https:\/\/ingeniate.com.mx\/en\/wp-json\/wp\/v2\/pages\/13735\/revisions"}],"predecessor-version":[{"id":14107,"href":"https:\/\/ingeniate.com.mx\/en\/wp-json\/wp\/v2\/pages\/13735\/revisions\/14107"}],"wp:attachment":[{"href":"https:\/\/ingeniate.com.mx\/en\/wp-json\/wp\/v2\/media?parent=13735"}],"curies":[{"name":"wp","href":"https:\/\/api.w.org\/{rel}","templated":true}]}}